{"id":174,"date":"2021-01-08T18:08:02","date_gmt":"2021-01-08T18:08:02","guid":{"rendered":"https:\/\/ff-schopfloch.de\/?page_id=174"},"modified":"2024-11-11T00:06:49","modified_gmt":"2024-11-10T23:06:49","slug":"akive-mannschaft","status":"publish","type":"page","link":"https:\/\/ff-schopfloch.de\/?page_id=174","title":{"rendered":"Akive Mannschaft"},"content":{"rendered":"\t\t<div data-elementor-type=\"wp-page\" data-elementor-id=\"174\" class=\"elementor elementor-174\">\n\t\t\t\t\t\t<section class=\"elementor-section elementor-top-section elementor-element elementor-element-de6a1d3 elementor-section-boxed elementor-section-height-default elementor-section-height-default\" data-id=\"de6a1d3\" data-element_type=\"section\">\n\t\t\t\t\t\t<div class=\"elementor-container elementor-column-gap-default\">\n\t\t\t\t\t<div class=\"elementor-column elementor-col-100 elementor-top-column elementor-element elementor-element-1996869\" data-id=\"1996869\" data-element_type=\"column\">\n\t\t\t<div class=\"elementor-widget-wrap elementor-element-populated\">\n\t\t\t\t\t\t<div class=\"elementor-element elementor-element-6fee9b4 elementor-widget elementor-widget-heading\" data-id=\"6fee9b4\" data-element_type=\"widget\" data-widget_type=\"heading.default\">\n\t\t\t\t<div class=\"elementor-widget-container\">\n\t\t\t<h3 class=\"elementor-heading-title elementor-size-default\">Die Aktive Mannschaft der Freiwilligen Feuerwehr Markt Schopfloch stellt sich vor.<\/h3>\t\t<\/div>\n\t\t\t\t<\/div>\n\t\t\t\t<div class=\"elementor-element elementor-element-080ffc4 elementor-widget-divider--view-line elementor-widget elementor-widget-divider\" data-id=\"080ffc4\" data-element_type=\"widget\" data-widget_type=\"divider.default\">\n\t\t\t\t<div class=\"elementor-widget-container\">\n\t\t\t\t\t<div class=\"elementor-divider\">\n\t\t\t<span class=\"elementor-divider-separator\">\n\t\t\t\t\t\t<\/span>\n\t\t<\/div>\n\t\t\t\t<\/div>\n\t\t\t\t<\/div>\n\t\t\t\t<section class=\"elementor-section elementor-inner-section elementor-element elementor-element-f3b5828 elementor-section-boxed elementor-section-height-default elementor-section-height-default\" data-id=\"f3b5828\" data-element_type=\"section\">\n\t\t\t\t\t\t<div class=\"elementor-container elementor-column-gap-default\">\n\t\t\t\t\t<div class=\"elementor-column elementor-col-50 elementor-inner-column elementor-element elementor-element-9b7d6c2\" data-id=\"9b7d6c2\" data-element_type=\"column\">\n\t\t\t<div class=\"elementor-widget-wrap elementor-element-populated\">\n\t\t\t\t\t\t<div class=\"elementor-element elementor-element-1be5df4 elementor-widget elementor-widget-counter\" data-id=\"1be5df4\" data-element_type=\"widget\" data-widget_type=\"counter.default\">\n\t\t\t\t<div class=\"elementor-widget-container\">\n\t\t\t\t\t<div class=\"elementor-counter\">\n\t\t\t<div class=\"elementor-counter-title\">Aktive Mitglieder<\/div>\t\t\t<div class=\"elementor-counter-number-wrapper\">\n\t\t\t\t<span class=\"elementor-counter-number-prefix\"><\/span>\n\t\t\t\t<span class=\"elementor-counter-number\" data-duration=\"2000\" data-to-value=\"51\" data-from-value=\"0\" data-delimiter=\",\">0<\/span>\n\t\t\t\t<span class=\"elementor-counter-number-suffix\"><\/span>\n\t\t\t<\/div>\n\t\t<\/div>\n\t\t\t\t<\/div>\n\t\t\t\t<\/div>\n\t\t\t\t\t<\/div>\n\t\t<\/div>\n\t\t\t\t<div class=\"elementor-column elementor-col-50 elementor-inner-column elementor-element elementor-element-eb6fc63\" data-id=\"eb6fc63\" data-element_type=\"column\">\n\t\t\t<div class=\"elementor-widget-wrap elementor-element-populated\">\n\t\t\t\t\t\t<div class=\"elementor-element elementor-element-0f054e9 elementor-widget elementor-widget-counter\" data-id=\"0f054e9\" data-element_type=\"widget\" data-widget_type=\"counter.default\">\n\t\t\t\t<div class=\"elementor-widget-container\">\n\t\t\t\t\t<div class=\"elementor-counter\">\n\t\t\t<div class=\"elementor-counter-title\">Atemschutzger\u00e4tetr\u00e4ger<\/div>\t\t\t<div class=\"elementor-counter-number-wrapper\">\n\t\t\t\t<span class=\"elementor-counter-number-prefix\"><\/span>\n\t\t\t\t<span class=\"elementor-counter-number\" data-duration=\"2000\" data-to-value=\"25\" data-from-value=\"0\" data-delimiter=\",\">0<\/span>\n\t\t\t\t<span class=\"elementor-counter-number-suffix\"><\/span>\n\t\t\t<\/div>\n\t\t<\/div>\n\t\t\t\t<\/div>\n\t\t\t\t<\/div>\n\t\t\t\t\t<\/div>\n\t\t<\/div>\n\t\t\t\t\t<\/div>\n\t\t<\/section>\n\t\t\t\t<section class=\"elementor-section elementor-inner-section elementor-element elementor-element-4354aa6 elementor-section-boxed elementor-section-height-default elementor-section-height-default\" data-id=\"4354aa6\" data-element_type=\"section\">\n\t\t\t\t\t\t<div class=\"elementor-container elementor-column-gap-default\">\n\t\t\t\t\t<div class=\"elementor-column elementor-col-50 elementor-inner-column elementor-element elementor-element-40a547b\" data-id=\"40a547b\" data-element_type=\"column\">\n\t\t\t<div class=\"elementor-widget-wrap elementor-element-populated\">\n\t\t\t\t\t\t<div class=\"elementor-element elementor-element-5a1e51b elementor-widget elementor-widget-counter\" data-id=\"5a1e51b\" data-element_type=\"widget\" data-widget_type=\"counter.default\">\n\t\t\t\t<div class=\"elementor-widget-container\">\n\t\t\t\t\t<div class=\"elementor-counter\">\n\t\t\t<div class=\"elementor-counter-title\">Maschinisten<\/div>\t\t\t<div class=\"elementor-counter-number-wrapper\">\n\t\t\t\t<span class=\"elementor-counter-number-prefix\"><\/span>\n\t\t\t\t<span class=\"elementor-counter-number\" data-duration=\"2000\" data-to-value=\"21\" data-from-value=\"0\" data-delimiter=\",\">0<\/span>\n\t\t\t\t<span class=\"elementor-counter-number-suffix\"><\/span>\n\t\t\t<\/div>\n\t\t<\/div>\n\t\t\t\t<\/div>\n\t\t\t\t<\/div>\n\t\t\t\t\t<\/div>\n\t\t<\/div>\n\t\t\t\t<div class=\"elementor-column elementor-col-50 elementor-inner-column elementor-element elementor-element-51aa548\" data-id=\"51aa548\" data-element_type=\"column\">\n\t\t\t<div class=\"elementor-widget-wrap elementor-element-populated\">\n\t\t\t\t\t\t<div class=\"elementor-element elementor-element-499ce8b elementor-widget elementor-widget-counter\" data-id=\"499ce8b\" data-element_type=\"widget\" data-widget_type=\"counter.default\">\n\t\t\t\t<div class=\"elementor-widget-container\">\n\t\t\t\t\t<div class=\"elementor-counter\">\n\t\t\t<div class=\"elementor-counter-title\">Sanit\u00e4ter<\/div>\t\t\t<div class=\"elementor-counter-number-wrapper\">\n\t\t\t\t<span class=\"elementor-counter-number-prefix\"><\/span>\n\t\t\t\t<span class=\"elementor-counter-number\" data-duration=\"2000\" data-to-value=\"16\" data-from-value=\"0\" data-delimiter=\",\">0<\/span>\n\t\t\t\t<span class=\"elementor-counter-number-suffix\"><\/span>\n\t\t\t<\/div>\n\t\t<\/div>\n\t\t\t\t<\/div>\n\t\t\t\t<\/div>\n\t\t\t\t\t<\/div>\n\t\t<\/div>\n\t\t\t\t\t<\/div>\n\t\t<\/section>\n\t\t\t\t<section class=\"elementor-section elementor-inner-section elementor-element elementor-element-5c430c5 elementor-section-boxed elementor-section-height-default elementor-section-height-default\" data-id=\"5c430c5\" data-element_type=\"section\">\n\t\t\t\t\t\t<div class=\"elementor-container elementor-column-gap-default\">\n\t\t\t\t\t<div class=\"elementor-column elementor-col-50 elementor-inner-column elementor-element elementor-element-ece011c\" data-id=\"ece011c\" data-element_type=\"column\">\n\t\t\t<div class=\"elementor-widget-wrap elementor-element-populated\">\n\t\t\t\t\t\t<div class=\"elementor-element elementor-element-da48107 elementor-widget elementor-widget-counter\" data-id=\"da48107\" data-element_type=\"widget\" data-widget_type=\"counter.default\">\n\t\t\t\t<div class=\"elementor-widget-container\">\n\t\t\t\t\t<div class=\"elementor-counter\">\n\t\t\t<div class=\"elementor-counter-title\">Gruppenf\u00fchrer<\/div>\t\t\t<div class=\"elementor-counter-number-wrapper\">\n\t\t\t\t<span class=\"elementor-counter-number-prefix\"><\/span>\n\t\t\t\t<span class=\"elementor-counter-number\" data-duration=\"2000\" data-to-value=\"9\" data-from-value=\"0\" data-delimiter=\",\">0<\/span>\n\t\t\t\t<span class=\"elementor-counter-number-suffix\"><\/span>\n\t\t\t<\/div>\n\t\t<\/div>\n\t\t\t\t<\/div>\n\t\t\t\t<\/div>\n\t\t\t\t\t<\/div>\n\t\t<\/div>\n\t\t\t\t<div class=\"elementor-column elementor-col-50 elementor-inner-column elementor-element elementor-element-4463233\" data-id=\"4463233\" data-element_type=\"column\">\n\t\t\t<div class=\"elementor-widget-wrap elementor-element-populated\">\n\t\t\t\t\t\t<div class=\"elementor-element elementor-element-f78bc20 elementor-widget elementor-widget-counter\" data-id=\"f78bc20\" data-element_type=\"widget\" data-widget_type=\"counter.default\">\n\t\t\t\t<div class=\"elementor-widget-container\">\n\t\t\t\t\t<div class=\"elementor-counter\">\n\t\t\t<div class=\"elementor-counter-title\">Zugf\u00fchrer<\/div>\t\t\t<div class=\"elementor-counter-number-wrapper\">\n\t\t\t\t<span class=\"elementor-counter-number-prefix\"><\/span>\n\t\t\t\t<span class=\"elementor-counter-number\" data-duration=\"2000\" data-to-value=\"4\" data-from-value=\"0\" data-delimiter=\",\">0<\/span>\n\t\t\t\t<span class=\"elementor-counter-number-suffix\"><\/span>\n\t\t\t<\/div>\n\t\t<\/div>\n\t\t\t\t<\/div>\n\t\t\t\t<\/div>\n\t\t\t\t\t<\/div>\n\t\t<\/div>\n\t\t\t\t\t<\/div>\n\t\t<\/section>\n\t\t\t\t<div class=\"elementor-element elementor-element-fe6ed6b elementor-widget-divider--view-line elementor-widget elementor-widget-divider\" data-id=\"fe6ed6b\" data-element_type=\"widget\" data-widget_type=\"divider.default\">\n\t\t\t\t<div class=\"elementor-widget-container\">\n\t\t\t\t\t<div class=\"elementor-divider\">\n\t\t\t<span class=\"elementor-divider-separator\">\n\t\t\t\t\t\t<\/span>\n\t\t<\/div>\n\t\t\t\t<\/div>\n\t\t\t\t<\/div>\n\t\t\t\t\t<\/div>\n\t\t<\/div>\n\t\t\t\t\t<\/div>\n\t\t<\/section>\n\t\t\t\t<section class=\"elementor-section elementor-top-section elementor-element elementor-element-74a9724 elementor-section-boxed elementor-section-height-default elementor-section-height-default\" data-id=\"74a9724\" data-element_type=\"section\">\n\t\t\t\t\t\t<div class=\"elementor-container elementor-column-gap-default\">\n\t\t\t\t\t<div class=\"elementor-column elementor-col-50 elementor-top-column elementor-element elementor-element-228eb48\" data-id=\"228eb48\" data-element_type=\"column\">\n\t\t\t<div class=\"elementor-widget-wrap elementor-element-populated\">\n\t\t\t\t\t\t<div class=\"elementor-element elementor-element-7c94de1 elementor-widget elementor-widget-text-editor\" data-id=\"7c94de1\" data-element_type=\"widget\" data-widget_type=\"text-editor.default\">\n\t\t\t\t<div class=\"elementor-widget-container\">\n\t\t\t\t\t\t\t<p><strong><span style=\"color: #ce1b28;\">Wer sind wir?<\/span><\/strong><\/p><ul><li>Ein Zusammenschluss aus ehrenamtlichen Helfern, die sich rund um die Uhr um die Sicherheit der Bev\u00f6lkerung in und um unseren Heimatort Schopfloch k\u00fcmmern.<\/li><\/ul><p><strong><span style=\"color: #ce1b28;\">Welche Aufgaben haben wir?<\/span><\/strong><\/p><ul><li>Unsere Pflichtaufgaben sind das Retten von Menschen und Tieren aus Notlagen, das L\u00f6schen von Br\u00e4nden und das Sch\u00fctzen und Bergen von Menschen und bedeutenden Sachwerten. Daneben erledigen wir noch freiwillige Aufgaben, wie zum Beispiel die Verkehrsabsicherung von Umz\u00fcgen oder die Brandschutzerziehung.<\/li><\/ul><p><strong><span style=\"color: #ce1b28;\">Wie viele Mitglieder hat die Feuerwehr Schopfloch?<\/span><\/strong><\/p><ul><li>Die aktive Mannschaft der FF Schopfloch besteht derzeit aus 51 Mitgliedern, davon 12 Feuerwehrfrauen.<\/li><\/ul><p><strong><span style=\"color: #ce1b28;\">Welche Ausstattung ist vorhanden?<\/span><\/strong><\/p><ul><li>Der Feuerwehr Schopfloch stehen ein HLF 10, ein LF 10\/6, ein GW mit Schlauchkomponente und ein MZF zur Verf\u00fcgung. Au\u00dferdem geh\u00f6ren noch ein fahrbarer Pulverl\u00f6scher, ein Verkehrssicherungsanh\u00e4nger, ein Mehrzweckanh\u00e4nger und eine Anh\u00e4ngeleiter zu unserem Fuhrpark. In den Fahrzeugen sind die Ger\u00e4te f\u00fcr die Brandbek\u00e4mpfung und die technische Hilfeleistung verladen.<\/li><\/ul><p><strong><span style=\"color: #ce1b28;\">Wie viele Eins\u00e4tze m\u00fcssen abgearbeitet werden?<\/span><\/strong><\/p><ul><li>Wir m\u00fcssen im Jahr zwischen 25 und 42 Eins\u00e4tze abarbeiten, wobei die technische Hilfeleistung den gr\u00f6\u00dften Anteil ausmacht.<\/li><\/ul>\t\t\t\t\t\t<\/div>\n\t\t\t\t<\/div>\n\t\t\t\t<div class=\"elementor-element elementor-element-3bfda32 elementor-widget elementor-widget-image\" data-id=\"3bfda32\" data-element_type=\"widget\" data-widget_type=\"image.default\">\n\t\t\t\t<div class=\"elementor-widget-container\">\n\t\t\t\t\t\t\t\t\t\t\t\t\t<img fetchpriority=\"high\" decoding=\"async\" width=\"696\" height=\"492\" src=\"https:\/\/ff-schopfloch.de\/wp-content\/uploads\/2020\/10\/logo_feuerwehr_markt_schopfloch_2017_4c.png\" class=\"attachment-large size-large wp-image-26\" alt=\"\" srcset=\"https:\/\/ff-schopfloch.de\/wp-content\/uploads\/2020\/10\/logo_feuerwehr_markt_schopfloch_2017_4c.png 842w, https:\/\/ff-schopfloch.de\/wp-content\/uploads\/2020\/10\/logo_feuerwehr_markt_schopfloch_2017_4c-300x212.png 300w, https:\/\/ff-schopfloch.de\/wp-content\/uploads\/2020\/10\/logo_feuerwehr_markt_schopfloch_2017_4c-768x543.png 768w\" sizes=\"(max-width: 696px) 100vw, 696px\" \/>\t\t\t\t\t\t\t\t\t\t\t\t\t<\/div>\n\t\t\t\t<\/div>\n\t\t\t\t\t<\/div>\n\t\t<\/div>\n\t\t\t\t<div class=\"elementor-column elementor-col-50 elementor-top-column elementor-element elementor-element-c8d6055\" data-id=\"c8d6055\" data-element_type=\"column\">\n\t\t\t<div class=\"elementor-widget-wrap elementor-element-populated\">\n\t\t\t\t\t\t<div class=\"elementor-element elementor-element-21b2e4c elementor-widget elementor-widget-text-editor\" data-id=\"21b2e4c\" data-element_type=\"widget\" data-widget_type=\"text-editor.default\">\n\t\t\t\t<div class=\"elementor-widget-container\">\n\t\t\t\t\t\t\t<p><strong><span style=\"color: #ce1b28;\">Wie l\u00e4uft die Ausbildung?<\/span><\/strong><\/p><ul><li>Die Ausbildung in der Feuerwehr beginnt mit der Grundausbildung, in der die rechtlichen und technischen Grundlagen gelehrt werden. Danach k\u00f6nnen weitere Lehrg\u00e4nge auf Landkreisebene besucht werden, wie zum Beispiel Atemschutzger\u00e4tetr\u00e4ger- , oder Maschinisten-Lehrg\u00e4nge. F\u00fchrungslehrg\u00e4nge werden an den stattlichen Feuerwehrschulen angeboten. Das Wichtigste aber ist, das erlernte Wissen in den \u00dcbungen vor Ort zu trainieren, um im Einsatzfall routiniert arbeiten zu k\u00f6nnen.<\/li><\/ul><p><strong><span style=\"color: #ce1b28;\">Wie kann man ein Teil dieser Feuerwehr werden?<\/span><\/strong><\/p><ul><li>Jeder der Interesse an unserer Arbeit hat darf sich jederzeit gerne bei uns melden. Entweder du kommst an einer \u00dcbung vorbei, oder kontaktierst unseren Kommandant per E-Mail oder Telefon. Die Kontaktdaten findest du <a href=\"https:\/\/ff-schopfloch.de\/?page_id=23\"><strong><span style=\"color: #ce1b28;\">hier.<\/span> <\/strong><\/a>Die \u00dcbungstermine stehen hier auf der Homepage im Kalender oder im h\u00e4ngen am Ger\u00e4tehaus im Schaukasten aus. Das Ger\u00e4tehaus in der Schulstra\u00dfe ist au\u00dferdem jeden Mittwoch ab 19:00Uhr ge\u00f6ffnet.<\/li><\/ul><p><strong><span style=\"color: #ce1b28;\">Wer kann mitmachen?<\/span><\/strong><\/p><ul><li>Prinzipiell kann jeder zwischen dem 18. und 65. Lebensjahr aktiven Feuerwehrdienst leisten. Die Voraussetzung ist nur, dass du entweder in Schopfloch wohnst oder arbeitest, und Spa\u00df daran hast, anderen Menschen zu helfen. Solltest du noch nicht vollj\u00e4hrig sein, besuche doch die Seiten der Kinder- und Jugendfeuerwehr. Dort findest du alle Informationen zur Mitgliedschaft ab 6 Jahren.<\/li><\/ul><p><strong><span style=\"color: #ce1b28;\">Wie funktioniert das Ganze w\u00e4hrend der Arbeitszeit?<\/span><\/strong><\/p><ul><li>Dein Arbeitgeber muss dich f\u00fcr Eins\u00e4tze freistellen, wenn du in, oder \u00a0in der n\u00e4heren Umgebung von Schopfloch arbeitest. Er bezahlt Dir deinen Verdienst weiterhin und kann sich den Ausfall bei der Gemeinde holen. Das hei\u00dft f\u00fcr dich d\u00fcrfen durch den Feuerwehrdienst keine Nachteile entstehen. F\u00fcr Lehrg\u00e4nge und Ausbildungsveranstaltungen wirst du ebenfalls freigestellt.<\/li><\/ul><p><strong><span style=\"color: #ce1b28;\">Warum machen wir das Ganze?<br \/><\/span><\/strong><\/p><ul><li>Wir f\u00fchren die Arbeit unserer Vorg\u00e4nger fort, die diese Feuerwehr im Jahre 1864 gegr\u00fcndet haben. Damals wie heute stehen die gleichen Ideale im Vordergrund. Der unentgeltliche Dienst f\u00fcr die Menschen, die in Not geraten sind, verbunden mit der Kameradschaft, die uns zu einem Team zusammenwachsen l\u00e4sst. Alle Feuerwehren aus Deutschland und der ganzen Welt sind eine Gro\u00dfe Familie mit dem gleichen Ziel: Dort zu helfen, wo man gebraucht wird. Unser Lohn ist das \u201eDankesch\u00f6n\u201c eines Unfallopfers, das sich f\u00fcr unsere geleistete Arbeit bedankt, oder das L\u00e4cheln eines Kindes, dessen Katze wir vom Baum gerettet haben.<\/li><\/ul><p>Werde ein Teil von uns, um herauszufinden, dass genau diese Kleinigkeiten ausreichen, um die ganzen M\u00fchen und Strapazen zu rechtfertigen.<\/p>\t\t\t\t\t\t<\/div>\n\t\t\t\t<\/div>\n\t\t\t\t\t<\/div>\n\t\t<\/div>\n\t\t\t\t\t<\/div>\n\t\t<\/section>\n\t\t\t\t<section class=\"elementor-section elementor-top-section elementor-element elementor-element-29614be elementor-section-boxed elementor-section-height-default elementor-section-height-default\" data-id=\"29614be\" data-element_type=\"section\">\n\t\t\t\t\t\t<div class=\"elementor-container elementor-column-gap-default\">\n\t\t\t\t\t<div class=\"elementor-column elementor-col-100 elementor-top-column elementor-element elementor-element-34605ac\" data-id=\"34605ac\" data-element_type=\"column\">\n\t\t\t<div class=\"elementor-widget-wrap elementor-element-populated\">\n\t\t\t\t\t\t<div class=\"elementor-element elementor-element-c51f25c elementor-widget-divider--view-line elementor-widget elementor-widget-divider\" data-id=\"c51f25c\" data-element_type=\"widget\" data-widget_type=\"divider.default\">\n\t\t\t\t<div class=\"elementor-widget-container\">\n\t\t\t\t\t<div class=\"elementor-divider\">\n\t\t\t<span class=\"elementor-divider-separator\">\n\t\t\t\t\t\t<\/span>\n\t\t<\/div>\n\t\t\t\t<\/div>\n\t\t\t\t<\/div>\n\t\t\t\t<div class=\"elementor-element elementor-element-8a1192e elementor-widget elementor-widget-image\" data-id=\"8a1192e\" data-element_type=\"widget\" data-widget_type=\"image.default\">\n\t\t\t\t<div class=\"elementor-widget-container\">\n\t\t\t\t\t\t\t\t\t\t\t\t\t<img decoding=\"async\" width=\"1944\" height=\"1296\" src=\"https:\/\/ff-schopfloch.de\/wp-content\/uploads\/2021\/01\/46482275_1906036846370316_2588085981911449600_o.jpg\" class=\"attachment-full size-full wp-image-176\" alt=\"\" srcset=\"https:\/\/ff-schopfloch.de\/wp-content\/uploads\/2021\/01\/46482275_1906036846370316_2588085981911449600_o.jpg 1944w, https:\/\/ff-schopfloch.de\/wp-content\/uploads\/2021\/01\/46482275_1906036846370316_2588085981911449600_o-300x200.jpg 300w, https:\/\/ff-schopfloch.de\/wp-content\/uploads\/2021\/01\/46482275_1906036846370316_2588085981911449600_o-1024x683.jpg 1024w, https:\/\/ff-schopfloch.de\/wp-content\/uploads\/2021\/01\/46482275_1906036846370316_2588085981911449600_o-768x512.jpg 768w, https:\/\/ff-schopfloch.de\/wp-content\/uploads\/2021\/01\/46482275_1906036846370316_2588085981911449600_o-1536x1024.jpg 1536w\" sizes=\"(max-width: 1944px) 100vw, 1944px\" \/>\t\t\t\t\t\t\t\t\t\t\t\t\t<\/div>\n\t\t\t\t<\/div>\n\t\t\t\t\t<\/div>\n\t\t<\/div>\n\t\t\t\t\t<\/div>\n\t\t<\/section>\n\t\t\t\t<\/div>\n\t\t","protected":false},"excerpt":{"rendered":"<p>Die Aktive Mannschaft der Freiwilligen Feuerwehr Markt Schopfloch stellt sich vor. Aktive Mitglieder 0 Atemschutzger\u00e4tetr\u00e4ger 0 Maschinisten 0 Sanit\u00e4ter 0 Gruppenf\u00fchrer 0 Zugf\u00fchrer 0 Wer sind wir? Ein Zusammenschluss aus ehrenamtlichen Helfern, die sich rund um die Uhr um die Sicherheit der Bev\u00f6lkerung in und um unseren Heimatort Schopfloch k\u00fcmmern. Welche Aufgaben haben wir? Unsere<\/p><\/div>\n<div class=\"blog-btn\"><a href=\"https:\/\/ff-schopfloch.de\/?page_id=174\" class=\"home-blog-btn\">Weiterlesen<\/a><\/p>\n","protected":false},"author":1,"featured_media":0,"parent":0,"menu_order":0,"comment_status":"closed","ping_status":"closed","template":"","meta":{"footnotes":""},"class_list":["post-174","page","type-page","status-publish","hentry"],"_links":{"self":[{"href":"https:\/\/ff-schopfloch.de\/index.php?rest_route=\/wp\/v2\/pages\/174"}],"collection":[{"href":"https:\/\/ff-schopfloch.de\/index.php?rest_route=\/wp\/v2\/pages"}],"about":[{"href":"https:\/\/ff-schopfloch.de\/index.php?rest_route=\/wp\/v2\/types\/page"}],"author":[{"embeddable":true,"href":"https:\/\/ff-schopfloch.de\/index.php?rest_route=\/wp\/v2\/users\/1"}],"replies":[{"embeddable":true,"href":"https:\/\/ff-schopfloch.de\/index.php?rest_route=%2Fwp%2Fv2%2Fcomments&post=174"}],"version-history":[{"count":33,"href":"https:\/\/ff-schopfloch.de\/index.php?rest_route=\/wp\/v2\/pages\/174\/revisions"}],"predecessor-version":[{"id":893,"href":"https:\/\/ff-schopfloch.de\/index.php?rest_route=\/wp\/v2\/pages\/174\/revisions\/893"}],"wp:attachment":[{"href":"https:\/\/ff-schopfloch.de\/index.php?rest_route=%2Fwp%2Fv2%2Fmedia&parent=174"}],"curies":[{"name":"wp","href":"https:\/\/api.w.org\/{rel}","templated":true}]}}