{"id":2,"date":"2016-05-10T03:48:21","date_gmt":"2016-05-10T03:48:21","guid":{"rendered":"https:\/\/ff-schopfloch.de\/?page_id=2"},"modified":"2025-01-11T22:12:52","modified_gmt":"2025-01-11T21:12:52","slug":"sample-page","status":"publish","type":"page","link":"https:\/\/ff-schopfloch.de\/?page_id=2","title":{"rendered":"Impressum"},"content":{"rendered":"\t\t<div data-elementor-type=\"wp-page\" data-elementor-id=\"2\" class=\"elementor elementor-2\">\n\t\t\t\t\t\t<section class=\"elementor-section elementor-top-section elementor-element elementor-element-b93 elementor-section-boxed elementor-section-height-default elementor-section-height-default\" data-id=\"b93\" data-element_type=\"section\">\n\t\t\t\t\t\t<div class=\"elementor-container elementor-column-gap-default\">\n\t\t\t\t\t<div class=\"elementor-column elementor-col-100 elementor-top-column elementor-element elementor-element-7994\" data-id=\"7994\" data-element_type=\"column\">\n\t\t\t<div class=\"elementor-widget-wrap elementor-element-populated\">\n\t\t\t\t\t\t<div class=\"elementor-element elementor-element-58d4 elementor-widget elementor-widget-text-editor\" data-id=\"58d4\" data-element_type=\"widget\" data-widget_type=\"text-editor.default\">\n\t\t\t\t<div class=\"elementor-widget-container\">\n\t\t\t\t\t\t\t<div>\n<p><strong>Angaben gem\u00e4\u00df \u00a7 5 TMG:<\/strong><\/p>\n<p>Rechtsform: Eingetragener Verein (e.V.)<\/p>\n<p>Freiwillige Feuerwehr Markt Schopfloch<br>Rohrm\u00fchle 2<br>91626 Schopfloch<br>Deutschland<\/p>\n<p>E-Mail: <a href=\"mailto:info@ff-schopfloch.de\">info@ff-schopfloch.de<\/a><\/p>\n<p><strong>Registereintrag:<\/strong><\/p>\n<p>Eintragung im Vereinsregister<br>Registergericht: Amtsgericht Ansbach<br>Registernummer: VR 10040<\/p>\n<p><strong>Vertreten durch:<\/strong><\/p>\n<p>1. Vorsitzenden: Herrn Christian Grimm | E-Mail: <a href=\"mailto:vorsitzender@ff-schopfloch.de\">vorsitzender@ff-schopfloch.de<\/a><\/p>\n<p><strong>Verantwortlich f\u00fcr den Inhalt nach \u00a7 55 Abs. 2 RStV<\/strong><\/p>\n<p>Freiwillige Feuerwehr Markt Schopfloch e. V.<\/p>\n<p>Herr Tobias Wagner<\/p>\n<p>Ahornweg 2<\/p>\n<p>91626 Schopfloch<\/p>\n<p>Telefon: 09857\/9759800<\/p>\n<p>E-Mail: <a href=\"mailto:t.wagner@ff-schopfloch.de\">t.wagner@ff-schopfloch.de<\/a><\/p>\n<p><strong>Technische Umsetzung:<\/strong><\/p>\n<p>Unser Internetauftritt wird durch Strato AG erstellt und gepflegt. Soweit die Verarbeitung von Daten im Rahmen dieser T\u00e4tigkeit notwendig ist, erfolgt diese auf Grundlage eines Auftragsdatenverarbeitungsvertrags.<\/p>\n<p>Strato AG<\/p>\n<p>Pascalstra\u00dfe 10<\/p>\n<p>10587 Berlin<\/p>\n<p>Telefon: +49 (0) 30 300 146 0<\/p>\n<p>Telefax: +49 (0) 030 886 15 111<\/p>\n<p>E-Mail: <a href=\"mailto:impressum@strato.de\">impressum@strato.de<\/a><\/p>\n<p><\/p>\n<p><strong>Hosting:<\/strong><\/p>\n<p>Unser Web-Server wird durch Strato AG betrieben. Soweit die Verarbeitung von Daten im Rahmen dieser T\u00e4tigkeit notwendig ist, erfolgt diese auf Grundlage eines Auftragsdatenverarbeitungsvertrags.<\/p>\n<p>Strato AG<\/p>\n<p>Pascalstra\u00dfe 10<\/p>\n<p>10587 Berlin<\/p>\n<p>Telefon: +49 (0) 30 300 146 0<\/p>\n<p>Telefax: +49 (0) 030 886 15 111<\/p>\n<p>E-Mail: <a href=\"mailto:impressum@strato.de\">impressum@strato.de<\/a><\/p>\n<p><\/p>\n<p><strong>Nutzungsbedingungen:<\/strong><\/p>\n<p>Texte, Bilder, Grafiken sowie, die Gestaltung dieser Internetseiten, unterliegen dem Urheberrecht. Sie d\u00fcrfen im Rahmen des \u00a7 53 Urheberrechtsgesetz (UrhG) nur zum privaten oder sonstigem eigenen Gebrauch verwendet werden. Eine ganz oder teilweise vorgenommene Vervielf\u00e4ltigung, Verwendung oder Ver\u00f6ffentlichung dieser Seiten in anderen elektronischen oder gedruckten Publikationen, ist nur mit unserer vorherigen Zustimmung gestattet. Diese kann auf Anfrage durch die f\u00fcr den Inhalt verantwortlichen Personen erteilt werden. Der Nachdruck und Auswertung von Pressemitteilungen und Reden sind allgemein mit entsprechender Quellenangabe gestattet.<\/p>\n<p><strong>Urheberrechte Dritter:<\/strong><\/p>\n<p>Weiterhin k\u00f6nnen Texte, Bilder, Grafiken und sonstige Dateien, ganz oder teilweise, dem Urheberrecht Dritter unterliegen. Wir weisen \u2013 innerhalb unserer Internetseiten \u2013 stets in unmittelbarer N\u00e4he zum abgebildeten Werk, auf die jeweiligen Urheber- oder auf andere gleichartige Rechte hin. Zudem finden Sie nachfolgen eine vollst\u00e4ndige Aufz\u00e4hlung der auf unseren Seiten verwendeten Werke:<\/p>\n<p><strong>Haftungsausschluss (Disclaimer)<\/strong><\/p>\n<p><strong>Haftung f\u00fcr Inhalte:<\/strong><\/p>\n<p>Alle auf dieser Internetseite bereitgestellten Informationen haben wir nach bestem Wissen und Gewissen erarbeitet und gepr\u00fcft. Eine Gew\u00e4hr f\u00fcr die jederzeitige Aktualit\u00e4t, Richtigkeit, Vollst\u00e4ndigkeit und Verf\u00fcgbarkeit der bereit gestellten Informationen k\u00f6nnen wir allerdings nicht \u00fcbernehmen. Ein Vertragsverh\u00e4ltnis mit den Nutzern dieses Internetangebots kommt nicht zustande. Wir haften nicht f\u00fcr Sch\u00e4den, die durch die Nutzung dieses Internetangebots entstehen. F\u00fcr etwaige Sch\u00e4den, die beim Aufrufen oder Herunterladen von Daten, durch Schadsoftware oder der Installation oder Nutzung von Software verursacht werden, wird nicht gehaftet. Der Haftungsausschluss gilt nicht f\u00fcr Informationen, die in den Anwendungsbereich der Europ\u00e4ischen Dienstleistungsrichtlinie (Richtlinie 2006\/123\/EG \u2013 DLRL) fallen. F\u00fcr diese Informationen wird die Richtigkeit und Aktualit\u00e4t gew\u00e4hrleistet.<\/p>\n<p><strong>Links:<\/strong><\/p>\n<p>Von unseren eigenen Inhalten sind Querverweise (\u201eLinks\u201c) auf Webseiten anderer Anbieter zu unterscheiden. Durch diese externen Links erm\u00f6glichen wir lediglich den Zugang zu einer Nutzung \u201efremder Inhalte\u201c nach \u00a7 8 Telemediengesetz (TMG). <strong>Wir sind f\u00fcr diese \u201efremden Inhalte\u201c nicht verantwortlich. <\/strong>Bei der erstmaligen Verkn\u00fcpfung mit diesen Internetangeboten haben wir diese \u201efremden\u201c Inhalte darauf \u00fcberpr\u00fcft, ob durch sie eine m\u00f6gliche zivilrechtliche oder strafrechtliche Verantwortlichkeit ausgel\u00f6st wird. Wir k\u00f6nnen diese fremden Inhalte aber nicht st\u00e4ndig auf Ver\u00e4nderungen \u00fcberpr\u00fcfen und daher auch keine Verantwortung daf\u00fcr \u00fcbernehmen<strong>.<\/strong><\/p>\n<p><strong>Dementsprechend machen wir uns diese fremden Inhalte ausdr\u00fccklich nicht zu Eigen<\/strong>.<\/p>\n<p>F\u00fcr illegale, fehlerhafte oder unvollst\u00e4ndige Inhalte und insbesondere f\u00fcr Sch\u00e4den, die aus der Nutzung oder Nichtnutzung von Informationen Dritter entstehen, haftet allein der jeweilige Anbieter der Seite<strong>. (Angaben zum Datenschutz bei externen Links finden Sie in unserer <a href=\"https:\/\/ff-schopfloch.de\/?page_id=41\">Datenschutzerkl\u00e4rung<\/a>.)<\/strong><\/p>\n<p>Namentlich gekennzeichnete Internetseiten, wurden mit Zustimmung der namentlich Genannten verlinkt und geben die Auffassungen und Erkenntnisse der genannten Personen wieder. Nur die genannten Personen haften f\u00fcr die Inhalte und Datenschutzvorkehrungen dieser Seiten.<\/p>\n<\/div>\t\t\t\t\t\t<\/div>\n\t\t\t\t<\/div>\n\t\t\t\t\t<\/div>\n\t\t<\/div>\n\t\t\t\t\t<\/div>\n\t\t<\/section>\n\t\t\t\t<\/div>\n\t\t","protected":false},"excerpt":{"rendered":"<p>Angaben gem\u00e4\u00df \u00a7 5 TMG: Rechtsform: Eingetragener Verein (e.V.) Freiwillige Feuerwehr Markt SchopflochRohrm\u00fchle 291626 SchopflochDeutschland E-Mail: info@ff-schopfloch.de Registereintrag: Eintragung im VereinsregisterRegistergericht: Amtsgericht AnsbachRegisternummer: VR 10040 Vertreten durch: 1. Vorsitzenden: Herrn Christian Grimm | E-Mail: vorsitzender@ff-schopfloch.de Verantwortlich f\u00fcr den Inhalt nach \u00a7 55 Abs. 2 RStV Freiwillige Feuerwehr Markt Schopfloch e. V. Herr Tobias Wagner Ahornweg<\/p><\/div>\n<div class=\"blog-btn\"><a href=\"https:\/\/ff-schopfloch.de\/?page_id=2\" class=\"home-blog-btn\">Weiterlesen<\/a><\/p>\n","protected":false},"author":1,"featured_media":0,"parent":0,"menu_order":0,"comment_status":"closed","ping_status":"open","template":"","meta":{"footnotes":""},"class_list":["post-2","page","type-page","status-publish","hentry"],"_links":{"self":[{"href":"https:\/\/ff-schopfloch.de\/index.php?rest_route=\/wp\/v2\/pages\/2"}],"collection":[{"href":"https:\/\/ff-schopfloch.de\/index.php?rest_route=\/wp\/v2\/pages"}],"about":[{"href":"https:\/\/ff-schopfloch.de\/index.php?rest_route=\/wp\/v2\/types\/page"}],"author":[{"embeddable":true,"href":"https:\/\/ff-schopfloch.de\/index.php?rest_route=\/wp\/v2\/users\/1"}],"replies":[{"embeddable":true,"href":"https:\/\/ff-schopfloch.de\/index.php?rest_route=%2Fwp%2Fv2%2Fcomments&post=2"}],"version-history":[{"count":5,"href":"https:\/\/ff-schopfloch.de\/index.php?rest_route=\/wp\/v2\/pages\/2\/revisions"}],"predecessor-version":[{"id":954,"href":"https:\/\/ff-schopfloch.de\/index.php?rest_route=\/wp\/v2\/pages\/2\/revisions\/954"}],"wp:attachment":[{"href":"https:\/\/ff-schopfloch.de\/index.php?rest_route=%2Fwp%2Fv2%2Fmedia&parent=2"}],"curies":[{"name":"wp","href":"https:\/\/api.w.org\/{rel}","templated":true}]}}