{"id":673,"date":"2023-01-05T00:45:55","date_gmt":"2023-01-05T00:45:55","guid":{"rendered":"https:\/\/ff-schopfloch.de\/?page_id=673"},"modified":"2024-11-11T14:47:17","modified_gmt":"2024-11-11T13:47:17","slug":"feuerwehrsanitaeter","status":"publish","type":"page","link":"https:\/\/ff-schopfloch.de\/?page_id=673","title":{"rendered":"Feuerwehrsanit\u00e4ter"},"content":{"rendered":"\t\t<div data-elementor-type=\"wp-page\" data-elementor-id=\"673\" class=\"elementor elementor-673\">\n\t\t\t\t\t\t<section class=\"elementor-section elementor-top-section elementor-element elementor-element-d65d1c5 elementor-section-boxed elementor-section-height-default elementor-section-height-default\" data-id=\"d65d1c5\" data-element_type=\"section\">\n\t\t\t\t\t\t<div class=\"elementor-container elementor-column-gap-default\">\n\t\t\t\t\t<div class=\"elementor-column elementor-col-50 elementor-top-column elementor-element elementor-element-99a8d55\" data-id=\"99a8d55\" data-element_type=\"column\">\n\t\t\t<div class=\"elementor-widget-wrap elementor-element-populated\">\n\t\t\t\t\t\t<div class=\"elementor-element elementor-element-e95747e elementor-widget elementor-widget-image\" data-id=\"e95747e\" data-element_type=\"widget\" data-widget_type=\"image.default\">\n\t\t\t\t<div class=\"elementor-widget-container\">\n\t\t\t\t\t\t\t\t\t\t\t\t\t<img decoding=\"async\" src=\"https:\/\/ff-schopfloch.de\/wp-content\/uploads\/elementor\/thumbs\/sanitaeter-q06vw4iz6dkoy9ys3mc9x3w68nk7a4599zujhbw63c.png\" title=\"sanit\u00e4ter\" alt=\"sanit\u00e4ter\" loading=\"lazy\" \/>\t\t\t\t\t\t\t\t\t\t\t\t\t<\/div>\n\t\t\t\t<\/div>\n\t\t\t\t\t<\/div>\n\t\t<\/div>\n\t\t\t\t<div class=\"elementor-column elementor-col-50 elementor-top-column elementor-element elementor-element-d4dcc57\" data-id=\"d4dcc57\" data-element_type=\"column\">\n\t\t\t<div class=\"elementor-widget-wrap elementor-element-populated\">\n\t\t\t\t\t\t<div class=\"elementor-element elementor-element-d57268f elementor-widget elementor-widget-text-editor\" data-id=\"d57268f\" data-element_type=\"widget\" data-widget_type=\"text-editor.default\">\n\t\t\t\t<div class=\"elementor-widget-container\">\n\t\t\t\t\t\t\t<p style=\"text-align: center;\"><strong>Bie medizinischen Notf\u00e4llen z\u00e4hlt oft jede Sekunde, sei es prim\u00e4r im Einsatz <\/strong><strong>z. B. bei Verkehrsunf\u00e4llen oder First Responder Eins\u00e4tzen oder auch in den eigenen Reihen bei \u00dcbungen etc. Aus diesem Grund verf\u00fcgt die Feuerwehr Schopfloch seit November 2021 \u00fcber eine Sanit\u00e4tergruppe. Ziel ist es, den therapiefreien Intervall bis zum Eintreffen der Rettungsdienstes zu verk\u00fcrzen um so dem Patienten zu einem besseren Outcome zu verhelfen.<\/strong><\/p><p style=\"text-align: center;\"><strong>Neben der fachlichen Qualifikation im Bereich der erweiteren Ersten Hilfe, steht unserem Team auch ein erweitertes Equipment zur Verf\u00fcgung. So sind auf unseren Fahrzeugen zwei Notfallrucks\u00e4cke und ein AED verlastet. <br \/><\/strong><\/p><p style=\"text-align: center;\"><strong>N\u00e4heres zur Ausr\u00fcstung erf\u00e4hrst du weiter unten.<br \/><\/strong><\/p>\t\t\t\t\t\t<\/div>\n\t\t\t\t<\/div>\n\t\t\t\t<div class=\"elementor-element elementor-element-43e6319 elementor-view-default elementor-widget elementor-widget-icon\" data-id=\"43e6319\" data-element_type=\"widget\" data-widget_type=\"icon.default\">\n\t\t\t\t<div class=\"elementor-widget-container\">\n\t\t\t\t\t<div class=\"elementor-icon-wrapper\">\n\t\t\t<div class=\"elementor-icon\">\n\t\t\t<i aria-hidden=\"true\" class=\"fas fa-arrow-down\"><\/i>\t\t\t<\/div>\n\t\t<\/div>\n\t\t\t\t<\/div>\n\t\t\t\t<\/div>\n\t\t\t\t\t<\/div>\n\t\t<\/div>\n\t\t\t\t\t<\/div>\n\t\t<\/section>\n\t\t\t\t<section class=\"elementor-section elementor-top-section elementor-element elementor-element-dc07b45 elementor-section-boxed elementor-section-height-default elementor-section-height-default\" data-id=\"dc07b45\" data-element_type=\"section\">\n\t\t\t\t\t\t<div class=\"elementor-container elementor-column-gap-default\">\n\t\t\t\t\t<div class=\"elementor-column elementor-col-50 elementor-top-column elementor-element elementor-element-9d739c2\" data-id=\"9d739c2\" data-element_type=\"column\">\n\t\t\t<div class=\"elementor-widget-wrap elementor-element-populated\">\n\t\t\t\t\t\t<div class=\"elementor-element elementor-element-3fc4991 elementor-widget elementor-widget-text-editor\" data-id=\"3fc4991\" data-element_type=\"widget\" data-widget_type=\"text-editor.default\">\n\t\t\t\t<div class=\"elementor-widget-container\">\n\t\t\t\t\t\t\t<p style=\"text-align: center;\"><strong>Das Team der Sanit\u00e4tsgruppe der FF Schopfloch besteht aus Kameradinnen und Kameraden der aktiven Wehr und umfasst aktuell 16 Mitglieder. Die Mindestvoraussetzung f\u00fcr die Teilnahme in der Sanit\u00e4tsgruppe ist<\/strong><br \/><strong>eine erfolgreich abgeschlossene Sanit\u00e4tsausbildung (SAN A&amp;B) sowie die Modulare Truppausbildung (MTA). Zus\u00e4tzlich verf\u00fcgen einige unserer Mitglieder \u00fcber eine h\u00f6herwertige Rettungsdienstliche Ausbildung wie z. B. Rettungssanit\u00e4ter oder Notfallsanit\u00e4ter. <\/strong><\/p>\t\t\t\t\t\t<\/div>\n\t\t\t\t<\/div>\n\t\t\t\t<div class=\"elementor-element elementor-element-59d16cc elementor-widget elementor-widget-counter\" data-id=\"59d16cc\" data-element_type=\"widget\" data-widget_type=\"counter.default\">\n\t\t\t\t<div class=\"elementor-widget-container\">\n\t\t\t\t\t<div class=\"elementor-counter\">\n\t\t\t<div class=\"elementor-counter-title\">Sanit\u00e4ter<\/div>\t\t\t<div class=\"elementor-counter-number-wrapper\">\n\t\t\t\t<span class=\"elementor-counter-number-prefix\"><\/span>\n\t\t\t\t<span class=\"elementor-counter-number\" data-duration=\"2000\" data-to-value=\"10\" data-from-value=\"0\" data-delimiter=\",\">0<\/span>\n\t\t\t\t<span class=\"elementor-counter-number-suffix\"><\/span>\n\t\t\t<\/div>\n\t\t<\/div>\n\t\t\t\t<\/div>\n\t\t\t\t<\/div>\n\t\t\t\t<div class=\"elementor-element elementor-element-2d4c2a1 elementor-widget elementor-widget-counter\" data-id=\"2d4c2a1\" data-element_type=\"widget\" data-widget_type=\"counter.default\">\n\t\t\t\t<div class=\"elementor-widget-container\">\n\t\t\t\t\t<div class=\"elementor-counter\">\n\t\t\t<div class=\"elementor-counter-title\">Rettungssanit\u00e4ter\/Notfallsanit\u00e4ter<\/div>\t\t\t<div class=\"elementor-counter-number-wrapper\">\n\t\t\t\t<span class=\"elementor-counter-number-prefix\"><\/span>\n\t\t\t\t<span class=\"elementor-counter-number\" data-duration=\"2000\" data-to-value=\"6\" data-from-value=\"0\" data-delimiter=\",\">0<\/span>\n\t\t\t\t<span class=\"elementor-counter-number-suffix\"><\/span>\n\t\t\t<\/div>\n\t\t<\/div>\n\t\t\t\t<\/div>\n\t\t\t\t<\/div>\n\t\t\t\t\t<\/div>\n\t\t<\/div>\n\t\t\t\t<div class=\"elementor-column elementor-col-50 elementor-top-column elementor-element elementor-element-13b29eb\" data-id=\"13b29eb\" data-element_type=\"column\">\n\t\t\t<div class=\"elementor-widget-wrap elementor-element-populated\">\n\t\t\t\t\t\t<div class=\"elementor-element elementor-element-4d86a89 elementor-widget elementor-widget-image\" data-id=\"4d86a89\" data-element_type=\"widget\" data-widget_type=\"image.default\">\n\t\t\t\t<div class=\"elementor-widget-container\">\n\t\t\t\t\t\t\t\t\t\t\t\t\t<img fetchpriority=\"high\" decoding=\"async\" width=\"696\" height=\"928\" src=\"https:\/\/ff-schopfloch.de\/wp-content\/uploads\/2023\/01\/IMG_4363-768x1024.jpg\" class=\"attachment-large size-large wp-image-722\" alt=\"\" srcset=\"https:\/\/ff-schopfloch.de\/wp-content\/uploads\/2023\/01\/IMG_4363-768x1024.jpg 768w, https:\/\/ff-schopfloch.de\/wp-content\/uploads\/2023\/01\/IMG_4363-225x300.jpg 225w, https:\/\/ff-schopfloch.de\/wp-content\/uploads\/2023\/01\/IMG_4363-1152x1536.jpg 1152w, https:\/\/ff-schopfloch.de\/wp-content\/uploads\/2023\/01\/IMG_4363.jpg 1536w\" sizes=\"(max-width: 696px) 100vw, 696px\" \/>\t\t\t\t\t\t\t\t\t\t\t\t\t<\/div>\n\t\t\t\t<\/div>\n\t\t\t\t\t<\/div>\n\t\t<\/div>\n\t\t\t\t\t<\/div>\n\t\t<\/section>\n\t\t\t\t<section class=\"elementor-section elementor-top-section elementor-element elementor-element-3dec838 elementor-section-boxed elementor-section-height-default elementor-section-height-default\" data-id=\"3dec838\" data-element_type=\"section\">\n\t\t\t\t\t\t<div class=\"elementor-container elementor-column-gap-default\">\n\t\t\t\t\t<div class=\"elementor-column elementor-col-100 elementor-top-column elementor-element elementor-element-de2c95d\" data-id=\"de2c95d\" data-element_type=\"column\">\n\t\t\t<div class=\"elementor-widget-wrap elementor-element-populated\">\n\t\t\t\t\t\t<div class=\"elementor-element elementor-element-e3e0751 elementor-widget-divider--view-line elementor-widget elementor-widget-divider\" data-id=\"e3e0751\" data-element_type=\"widget\" data-widget_type=\"divider.default\">\n\t\t\t\t<div class=\"elementor-widget-container\">\n\t\t\t\t\t<div class=\"elementor-divider\">\n\t\t\t<span class=\"elementor-divider-separator\">\n\t\t\t\t\t\t<\/span>\n\t\t<\/div>\n\t\t\t\t<\/div>\n\t\t\t\t<\/div>\n\t\t\t\t<div class=\"elementor-element elementor-element-4abae1c elementor-widget elementor-widget-heading\" data-id=\"4abae1c\" data-element_type=\"widget\" data-widget_type=\"heading.default\">\n\t\t\t\t<div class=\"elementor-widget-container\">\n\t\t\t<h2 class=\"elementor-heading-title elementor-size-large\">Ausr\u00fcstung<\/h2>\t\t<\/div>\n\t\t\t\t<\/div>\n\t\t\t\t<div class=\"elementor-element elementor-element-68f6386 elementor-widget-divider--view-line elementor-widget elementor-widget-divider\" data-id=\"68f6386\" data-element_type=\"widget\" data-widget_type=\"divider.default\">\n\t\t\t\t<div class=\"elementor-widget-container\">\n\t\t\t\t\t<div class=\"elementor-divider\">\n\t\t\t<span class=\"elementor-divider-separator\">\n\t\t\t\t\t\t<\/span>\n\t\t<\/div>\n\t\t\t\t<\/div>\n\t\t\t\t<\/div>\n\t\t\t\t<section class=\"elementor-section elementor-inner-section elementor-element elementor-element-b1d7a7b elementor-section-boxed elementor-section-height-default elementor-section-height-default\" data-id=\"b1d7a7b\" data-element_type=\"section\">\n\t\t\t\t\t\t<div class=\"elementor-container elementor-column-gap-default\">\n\t\t\t\t\t<div class=\"elementor-column elementor-col-50 elementor-inner-column elementor-element elementor-element-64d0542\" data-id=\"64d0542\" data-element_type=\"column\">\n\t\t\t<div class=\"elementor-widget-wrap elementor-element-populated\">\n\t\t\t\t\t\t<div class=\"elementor-element elementor-element-330e4ba elementor-widget elementor-widget-text-editor\" data-id=\"330e4ba\" data-element_type=\"widget\" data-widget_type=\"text-editor.default\">\n\t\t\t\t<div class=\"elementor-widget-container\">\n\t\t\t\t\t\t\t<h4><span style=\"text-decoration: underline; color: #ce1b28;\"><strong>Notfallrucksack Fl. Schopfloch 11\/1 MZF:<\/strong><\/span><\/h4><ul><li><strong>AED (Automatisch Externer Defibrillator)<\/strong><\/li><li><strong>Sauerstoff<\/strong><\/li><li><strong>Beatmungsbeutel<\/strong><\/li><li><strong>Kinderbeatmungsbeutel<\/strong><\/li><li><strong>Atemwegsmanagement inkl. Handabsaugpumpe<br \/><\/strong><\/li><li><strong>Trauma Set &#8211; Kritische Blutung (Tourniquet, Komprimierte Gase)<\/strong><\/li><li><strong>Beckenschlinge<\/strong><\/li><li><strong>Trauma Set &#8211; Immobilisation (Stifneck, Schienen, K\u00e4ltekompressen)<\/strong><\/li><li><strong>Zugang u. Infusionen<\/strong><\/li><li><strong>Diagnostik (Blutdruck, SpO2, Blutzucker, Thermometer)<\/strong><\/li><li><strong>Verbandmaterial<\/strong><\/li><li><strong>Hygiene &#8211; Set<\/strong><\/li><\/ul>\t\t\t\t\t\t<\/div>\n\t\t\t\t<\/div>\n\t\t\t\t\t<\/div>\n\t\t<\/div>\n\t\t\t\t<div class=\"elementor-column elementor-col-50 elementor-inner-column elementor-element elementor-element-9133922\" data-id=\"9133922\" data-element_type=\"column\">\n\t\t\t<div class=\"elementor-widget-wrap elementor-element-populated\">\n\t\t\t\t\t\t<div class=\"elementor-element elementor-element-2c17812 elementor-arrows-position-inside elementor-widget elementor-widget-image-carousel\" data-id=\"2c17812\" data-element_type=\"widget\" data-settings=\"{&quot;slides_to_show&quot;:&quot;1&quot;,&quot;navigation&quot;:&quot;arrows&quot;,&quot;autoplay&quot;:&quot;yes&quot;,&quot;pause_on_hover&quot;:&quot;yes&quot;,&quot;pause_on_interaction&quot;:&quot;yes&quot;,&quot;autoplay_speed&quot;:5000,&quot;infinite&quot;:&quot;yes&quot;,&quot;effect&quot;:&quot;slide&quot;,&quot;speed&quot;:500}\" data-widget_type=\"image-carousel.default\">\n\t\t\t\t<div class=\"elementor-widget-container\">\n\t\t\t\t\t<div class=\"elementor-image-carousel-wrapper swiper\" dir=\"ltr\">\n\t\t\t<div class=\"elementor-image-carousel swiper-wrapper\" aria-live=\"off\">\n\t\t\t\t\t\t\t\t<div class=\"swiper-slide\" role=\"group\" aria-roledescription=\"slide\" aria-label=\"1 von 3\"><figure class=\"swiper-slide-inner\"><img decoding=\"async\" class=\"swiper-slide-image\" src=\"https:\/\/ff-schopfloch.de\/wp-content\/uploads\/2023\/01\/IMG_4370-768x1024.jpg\" alt=\"IMG_4370\" \/><\/figure><\/div><div class=\"swiper-slide\" role=\"group\" aria-roledescription=\"slide\" aria-label=\"2 von 3\"><figure class=\"swiper-slide-inner\"><img decoding=\"async\" class=\"swiper-slide-image\" src=\"https:\/\/ff-schopfloch.de\/wp-content\/uploads\/2023\/01\/IMG_4358-768x1024.jpg\" alt=\"IMG_4358\" \/><\/figure><\/div><div class=\"swiper-slide\" role=\"group\" aria-roledescription=\"slide\" aria-label=\"3 von 3\"><figure class=\"swiper-slide-inner\"><img decoding=\"async\" class=\"swiper-slide-image\" src=\"https:\/\/ff-schopfloch.de\/wp-content\/uploads\/2023\/01\/IMG_4360-768x1024.jpg\" alt=\"IMG_4360\" \/><\/figure><\/div>\t\t\t<\/div>\n\t\t\t\t\t\t\t\t\t\t\t\t<div class=\"elementor-swiper-button elementor-swiper-button-prev\" role=\"button\" tabindex=\"0\">\n\t\t\t\t\t\t<i aria-hidden=\"true\" class=\"eicon-chevron-left\"><\/i>\t\t\t\t\t<\/div>\n\t\t\t\t\t<div class=\"elementor-swiper-button elementor-swiper-button-next\" role=\"button\" tabindex=\"0\">\n\t\t\t\t\t\t<i aria-hidden=\"true\" class=\"eicon-chevron-right\"><\/i>\t\t\t\t\t<\/div>\n\t\t\t\t\n\t\t\t\t\t\t\t\t\t<\/div>\n\t\t\t\t<\/div>\n\t\t\t\t<\/div>\n\t\t\t\t\t<\/div>\n\t\t<\/div>\n\t\t\t\t\t<\/div>\n\t\t<\/section>\n\t\t\t\t<div class=\"elementor-element elementor-element-9f63905 elementor-widget-divider--view-line elementor-widget elementor-widget-divider\" data-id=\"9f63905\" data-element_type=\"widget\" data-widget_type=\"divider.default\">\n\t\t\t\t<div class=\"elementor-widget-container\">\n\t\t\t\t\t<div class=\"elementor-divider\">\n\t\t\t<span class=\"elementor-divider-separator\">\n\t\t\t\t\t\t<\/span>\n\t\t<\/div>\n\t\t\t\t<\/div>\n\t\t\t\t<\/div>\n\t\t\t\t<section class=\"elementor-section elementor-inner-section elementor-element elementor-element-b7a7037 elementor-section-boxed elementor-section-height-default elementor-section-height-default\" data-id=\"b7a7037\" data-element_type=\"section\">\n\t\t\t\t\t\t<div class=\"elementor-container elementor-column-gap-default\">\n\t\t\t\t\t<div class=\"elementor-column elementor-col-50 elementor-inner-column elementor-element elementor-element-0e94949\" data-id=\"0e94949\" data-element_type=\"column\">\n\t\t\t<div class=\"elementor-widget-wrap elementor-element-populated\">\n\t\t\t\t\t\t<div class=\"elementor-element elementor-element-9458d07 elementor-arrows-position-inside elementor-widget elementor-widget-image-carousel\" data-id=\"9458d07\" data-element_type=\"widget\" data-settings=\"{&quot;slides_to_show&quot;:&quot;1&quot;,&quot;navigation&quot;:&quot;arrows&quot;,&quot;autoplay&quot;:&quot;yes&quot;,&quot;pause_on_hover&quot;:&quot;yes&quot;,&quot;pause_on_interaction&quot;:&quot;yes&quot;,&quot;autoplay_speed&quot;:5000,&quot;infinite&quot;:&quot;yes&quot;,&quot;effect&quot;:&quot;slide&quot;,&quot;speed&quot;:500}\" data-widget_type=\"image-carousel.default\">\n\t\t\t\t<div class=\"elementor-widget-container\">\n\t\t\t\t\t<div class=\"elementor-image-carousel-wrapper swiper\" dir=\"ltr\">\n\t\t\t<div class=\"elementor-image-carousel swiper-wrapper\" aria-live=\"off\">\n\t\t\t\t\t\t\t\t<div class=\"swiper-slide\" role=\"group\" aria-roledescription=\"slide\" aria-label=\"1 von 3\"><figure class=\"swiper-slide-inner\"><img decoding=\"async\" class=\"swiper-slide-image\" src=\"https:\/\/ff-schopfloch.de\/wp-content\/uploads\/2023\/01\/IMG_4355-768x1024.jpg\" alt=\"IMG_4355\" \/><\/figure><\/div><div class=\"swiper-slide\" role=\"group\" aria-roledescription=\"slide\" aria-label=\"2 von 3\"><figure class=\"swiper-slide-inner\"><img decoding=\"async\" class=\"swiper-slide-image\" src=\"https:\/\/ff-schopfloch.de\/wp-content\/uploads\/2023\/01\/IMG_4369-768x1024.jpg\" alt=\"IMG_4369\" \/><\/figure><\/div><div class=\"swiper-slide\" role=\"group\" aria-roledescription=\"slide\" aria-label=\"3 von 3\"><figure class=\"swiper-slide-inner\"><img decoding=\"async\" class=\"swiper-slide-image\" src=\"https:\/\/ff-schopfloch.de\/wp-content\/uploads\/2023\/01\/IMG_4356-768x1024.jpg\" alt=\"IMG_4356\" \/><\/figure><\/div>\t\t\t<\/div>\n\t\t\t\t\t\t\t\t\t\t\t\t<div class=\"elementor-swiper-button elementor-swiper-button-prev\" role=\"button\" tabindex=\"0\">\n\t\t\t\t\t\t<i aria-hidden=\"true\" class=\"eicon-chevron-left\"><\/i>\t\t\t\t\t<\/div>\n\t\t\t\t\t<div class=\"elementor-swiper-button elementor-swiper-button-next\" role=\"button\" tabindex=\"0\">\n\t\t\t\t\t\t<i aria-hidden=\"true\" class=\"eicon-chevron-right\"><\/i>\t\t\t\t\t<\/div>\n\t\t\t\t\n\t\t\t\t\t\t\t\t\t<\/div>\n\t\t\t\t<\/div>\n\t\t\t\t<\/div>\n\t\t\t\t\t<\/div>\n\t\t<\/div>\n\t\t\t\t<div class=\"elementor-column elementor-col-50 elementor-inner-column elementor-element elementor-element-5c57386\" data-id=\"5c57386\" data-element_type=\"column\">\n\t\t\t<div class=\"elementor-widget-wrap elementor-element-populated\">\n\t\t\t\t\t\t<div class=\"elementor-element elementor-element-523fd9d elementor-widget elementor-widget-text-editor\" data-id=\"523fd9d\" data-element_type=\"widget\" data-widget_type=\"text-editor.default\">\n\t\t\t\t<div class=\"elementor-widget-container\">\n\t\t\t\t\t\t\t<h4><span style=\"text-decoration: underline; color: #ce1b28;\"><strong>Notfallrucksack Fl. Schopfloch 42\/1 HLF 10:<\/strong><\/span><\/h4>\n<ul>\n<li><strong>Beatmungsbeutel<\/strong><\/li>\n<li><strong>Atemwegsmanagement inkl. Handabsaugpumpe<br><\/strong><\/li>\n<li><strong>Trauma Set &#8211; Immobilisation (Stifneck, Schienen, K\u00e4ltekompressen)<\/strong><\/li>\n<li><strong>Beckenschlinge<\/strong><\/li><li><strong>Ringschneider<\/strong><br><\/li>\n<li><strong>Diagnostik (Blutdruck, SpO2, Blutzucker, Thermometer)<\/strong><\/li>\n<li><strong>Verbandmaterial<\/strong><\/li>\n<li><strong>Hygiene &#8211; Set<\/strong><\/li>\n<li><strong>Augensp\u00fclflasche<\/strong><\/li>\n<\/ul>\t\t\t\t\t\t<\/div>\n\t\t\t\t<\/div>\n\t\t\t\t\t<\/div>\n\t\t<\/div>\n\t\t\t\t\t<\/div>\n\t\t<\/section>\n\t\t\t\t\t<\/div>\n\t\t<\/div>\n\t\t\t\t\t<\/div>\n\t\t<\/section>\n\t\t\t\t<section class=\"elementor-section elementor-top-section elementor-element elementor-element-5e57542 elementor-section-boxed elementor-section-height-default elementor-section-height-default\" data-id=\"5e57542\" data-element_type=\"section\">\n\t\t\t\t\t\t<div class=\"elementor-container elementor-column-gap-default\">\n\t\t\t\t\t<div class=\"elementor-column elementor-col-50 elementor-top-column elementor-element elementor-element-10a78df\" data-id=\"10a78df\" data-element_type=\"column\">\n\t\t\t<div class=\"elementor-widget-wrap elementor-element-populated\">\n\t\t\t\t\t\t<div class=\"elementor-element elementor-element-9980a2f elementor-widget elementor-widget-text-editor\" data-id=\"9980a2f\" data-element_type=\"widget\" data-widget_type=\"text-editor.default\">\n\t\t\t\t<div class=\"elementor-widget-container\">\n\t\t\t\t\t\t\t<p style=\"text-align: center;\"><strong>Bei Fragen rund um die Sanit\u00e4tergruppe steht dir das Leitungsteam bestehend aus <span style=\"color: #ce1b28;\">Tobias Wagner<\/span> und <span style=\"color: #ce1b28;\">Maximilian Maier<\/span> gerne zur Verf\u00fcgung.<\/strong><\/p><p style=\"text-align: center;\"><strong>Kontaktinformationen zur Aktiven Mannschaft und dem Feuerwehrverein findest du <a href=\"https:\/\/ff-schopfloch.de\/?page_id=23\">hier.<\/a><\/strong><\/p>\t\t\t\t\t\t<\/div>\n\t\t\t\t<\/div>\n\t\t\t\t\t<\/div>\n\t\t<\/div>\n\t\t\t\t<div class=\"elementor-column elementor-col-50 elementor-top-column elementor-element elementor-element-9c9c96e\" data-id=\"9c9c96e\" data-element_type=\"column\">\n\t\t\t<div class=\"elementor-widget-wrap elementor-element-populated\">\n\t\t\t\t\t\t<div class=\"elementor-element elementor-element-036a0bc elementor-widget elementor-widget-heading\" data-id=\"036a0bc\" data-element_type=\"widget\" data-widget_type=\"heading.default\">\n\t\t\t\t<div class=\"elementor-widget-container\">\n\t\t\t<h4 class=\"elementor-heading-title elementor-size-default\">Kontaktdaten:<\/h4>\t\t<\/div>\n\t\t\t\t<\/div>\n\t\t\t\t<section class=\"elementor-section elementor-inner-section elementor-element elementor-element-0238603 elementor-section-boxed elementor-section-height-default elementor-section-height-default\" data-id=\"0238603\" data-element_type=\"section\">\n\t\t\t\t\t\t<div class=\"elementor-container elementor-column-gap-default\">\n\t\t\t\t\t<div class=\"elementor-column elementor-col-50 elementor-inner-column elementor-element elementor-element-428dd41\" data-id=\"428dd41\" data-element_type=\"column\">\n\t\t\t<div class=\"elementor-widget-wrap elementor-element-populated\">\n\t\t\t\t\t\t<div class=\"elementor-element elementor-element-ef331b7 elementor-view-default elementor-widget elementor-widget-icon\" data-id=\"ef331b7\" data-element_type=\"widget\" data-widget_type=\"icon.default\">\n\t\t\t\t<div class=\"elementor-widget-container\">\n\t\t\t\t\t<div class=\"elementor-icon-wrapper\">\n\t\t\t<div class=\"elementor-icon\">\n\t\t\t<i aria-hidden=\"true\" class=\"far fa-user\"><\/i>\t\t\t<\/div>\n\t\t<\/div>\n\t\t\t\t<\/div>\n\t\t\t\t<\/div>\n\t\t\t\t<div class=\"elementor-element elementor-element-f249b35 elementor-view-default elementor-widget elementor-widget-icon\" data-id=\"f249b35\" data-element_type=\"widget\" data-widget_type=\"icon.default\">\n\t\t\t\t<div class=\"elementor-widget-container\">\n\t\t\t\t\t<div class=\"elementor-icon-wrapper\">\n\t\t\t<div class=\"elementor-icon\">\n\t\t\t<i aria-hidden=\"true\" class=\"far fa-envelope\"><\/i>\t\t\t<\/div>\n\t\t<\/div>\n\t\t\t\t<\/div>\n\t\t\t\t<\/div>\n\t\t\t\t\t<\/div>\n\t\t<\/div>\n\t\t\t\t<div class=\"elementor-column elementor-col-50 elementor-inner-column elementor-element elementor-element-261f2e6\" data-id=\"261f2e6\" data-element_type=\"column\">\n\t\t\t<div class=\"elementor-widget-wrap elementor-element-populated\">\n\t\t\t\t\t\t<div class=\"elementor-element elementor-element-0b20bea elementor-widget elementor-widget-text-editor\" data-id=\"0b20bea\" data-element_type=\"widget\" data-widget_type=\"text-editor.default\">\n\t\t\t\t<div class=\"elementor-widget-container\">\n\t\t\t\t\t\t\t<p><strong>Leitungsteam Sanit\u00e4tergruppe<\/strong><\/p>\t\t\t\t\t\t<\/div>\n\t\t\t\t<\/div>\n\t\t\t\t<div class=\"elementor-element elementor-element-46e91da elementor-widget elementor-widget-text-editor\" data-id=\"46e91da\" data-element_type=\"widget\" data-widget_type=\"text-editor.default\">\n\t\t\t\t<div class=\"elementor-widget-container\">\n\t\t\t\t\t\t\t<p><strong>sanitaeter@ff-schopfloch.de<\/strong><\/p>\t\t\t\t\t\t<\/div>\n\t\t\t\t<\/div>\n\t\t\t\t\t<\/div>\n\t\t<\/div>\n\t\t\t\t\t<\/div>\n\t\t<\/section>\n\t\t\t\t\t<\/div>\n\t\t<\/div>\n\t\t\t\t\t<\/div>\n\t\t<\/section>\n\t\t\t\t<\/div>\n\t\t","protected":false},"excerpt":{"rendered":"<p>Bie medizinischen Notf\u00e4llen z\u00e4hlt oft jede Sekunde, sei es prim\u00e4r im Einsatz z. B. bei Verkehrsunf\u00e4llen oder First Responder Eins\u00e4tzen oder auch in den eigenen Reihen bei \u00dcbungen etc. Aus diesem Grund verf\u00fcgt die Feuerwehr Schopfloch seit November 2021 \u00fcber eine Sanit\u00e4tergruppe. Ziel ist es, den therapiefreien Intervall bis zum Eintreffen der Rettungsdienstes zu verk\u00fcrzen<\/p><\/div>\n<div class=\"blog-btn\"><a href=\"https:\/\/ff-schopfloch.de\/?page_id=673\" class=\"home-blog-btn\">Weiterlesen<\/a><\/p>\n","protected":false},"author":1,"featured_media":0,"parent":0,"menu_order":0,"comment_status":"closed","ping_status":"closed","template":"","meta":{"footnotes":""},"class_list":["post-673","page","type-page","status-publish","hentry"],"_links":{"self":[{"href":"https:\/\/ff-schopfloch.de\/index.php?rest_route=\/wp\/v2\/pages\/673"}],"collection":[{"href":"https:\/\/ff-schopfloch.de\/index.php?rest_route=\/wp\/v2\/pages"}],"about":[{"href":"https:\/\/ff-schopfloch.de\/index.php?rest_route=\/wp\/v2\/types\/page"}],"author":[{"embeddable":true,"href":"https:\/\/ff-schopfloch.de\/index.php?rest_route=\/wp\/v2\/users\/1"}],"replies":[{"embeddable":true,"href":"https:\/\/ff-schopfloch.de\/index.php?rest_route=%2Fwp%2Fv2%2Fcomments&post=673"}],"version-history":[{"count":43,"href":"https:\/\/ff-schopfloch.de\/index.php?rest_route=\/wp\/v2\/pages\/673\/revisions"}],"predecessor-version":[{"id":908,"href":"https:\/\/ff-schopfloch.de\/index.php?rest_route=\/wp\/v2\/pages\/673\/revisions\/908"}],"wp:attachment":[{"href":"https:\/\/ff-schopfloch.de\/index.php?rest_route=%2Fwp%2Fv2%2Fmedia&parent=673"}],"curies":[{"name":"wp","href":"https:\/\/api.w.org\/{rel}","templated":true}]}}